{"id":225,"date":"2024-05-08T14:21:24","date_gmt":"2024-05-08T18:21:24","guid":{"rendered":"https:\/\/laurentia.swlauriersb.qc.ca\/principals-message\/"},"modified":"2024-05-30T09:08:00","modified_gmt":"2024-05-30T13:08:00","slug":"message-de-la-direction","status":"publish","type":"page","link":"https:\/\/laurentia.swlauriersb.qc.ca\/fr\/notre-ecole-a-propos\/message-de-la-direction\/","title":{"rendered":"Message de la direction"},"content":{"rendered":"\n<p>C\u2019est avec un grand enthousiasme que j\u2019entame mon mandat de directrice \u00e0 l\u2019\u00e9cole primaire Laurentia en me joignant \u00e0 une \u00e9quipe de professionnels qui a comme premier objectif de mener les \u00e9l\u00e8ves vers la r\u00e9ussite.<\/p>\n\n\n\n<p>La communaut\u00e9 de l\u2019\u00e9cole Laurentia se veut un village s\u00e9curitaire et accueillant o\u00f9 le bien-\u00eatre et la r\u00e9ussite de l\u2019\u00e9l\u00e8ve sont au c\u0153ur de nos pratiques. \u00c0 tous les jours, nos \u00e9l\u00e8ves ont l\u2019occasion de s&#8217;\u00e9panouir et de construire leur identit\u00e9 francophone et anglophone gr\u00e2ce \u00e0 l&#8217;engagement de tous les membres de notre grande \u00e9quipe.<\/p>\n\n\n\n<p>Ici, nous croyons qu\u2019une collaboration \u00e9troite foyer\/\u00e9cole et un environnement inclusif r\u00e9pondent aux besoins et assurent la r\u00e9ussite de tous nos \u00e9l\u00e8ves. Sur ce, je souhaite \u00e0 tous nos internautes d\u2019explorer notre site internet de mani\u00e8re \u00e0 faire un peu mieux connaissance avec notre \u00e9cole et tout ce qu\u2019elle a \u00e0 offrir. Au nom de toute la communaut\u00e9 scolaire Laurentia, nous vous souhaitons une excellente ann\u00e9e scolaire!<\/p>\n\n\n\n<p><strong>Josiane Fortin<\/strong><br>Directrice<\/p>\n","protected":false},"excerpt":{"rendered":"<p>C\u2019est avec un grand enthousiasme que j\u2019entame mon mandat de directrice \u00e0 l\u2019\u00e9cole primaire Laurentia en me joignant \u00e0 une \u00e9quipe de professionnels qui a comme premier objectif de mener les \u00e9l\u00e8ves vers la r\u00e9ussite. La communaut\u00e9 de l\u2019\u00e9cole Laurentia se veut un village s\u00e9curitaire et accueillant o\u00f9 le bien-\u00eatre et la r\u00e9ussite de l\u2019\u00e9l\u00e8ve&hellip;<\/p>\n","protected":false},"author":1,"featured_media":418,"parent":226,"menu_order":0,"comment_status":"closed","ping_status":"closed","template":"","meta":{"_acf_changed":false,"_relevanssi_hide_post":"","_relevanssi_hide_content":"","_relevanssi_pin_for_all":"","_relevanssi_pin_keywords":"","_relevanssi_unpin_keywords":"","_relevanssi_related_keywords":"","_relevanssi_related_include_ids":"","_relevanssi_related_exclude_ids":"","_relevanssi_related_no_append":"","_relevanssi_related_not_related":"","_relevanssi_related_posts":"","_relevanssi_noindex_reason":"","footnotes":""},"acf":[],"_links":{"self":[{"href":"https:\/\/laurentia.swlauriersb.qc.ca\/fr\/wp-json\/wp\/v2\/pages\/225"}],"collection":[{"href":"https:\/\/laurentia.swlauriersb.qc.ca\/fr\/wp-json\/wp\/v2\/pages"}],"about":[{"href":"https:\/\/laurentia.swlauriersb.qc.ca\/fr\/wp-json\/wp\/v2\/types\/page"}],"author":[{"embeddable":true,"href":"https:\/\/laurentia.swlauriersb.qc.ca\/fr\/wp-json\/wp\/v2\/users\/1"}],"replies":[{"embeddable":true,"href":"https:\/\/laurentia.swlauriersb.qc.ca\/fr\/wp-json\/wp\/v2\/comments?post=225"}],"version-history":[{"count":2,"href":"https:\/\/laurentia.swlauriersb.qc.ca\/fr\/wp-json\/wp\/v2\/pages\/225\/revisions"}],"predecessor-version":[{"id":307,"href":"https:\/\/laurentia.swlauriersb.qc.ca\/fr\/wp-json\/wp\/v2\/pages\/225\/revisions\/307"}],"up":[{"embeddable":true,"href":"https:\/\/laurentia.swlauriersb.qc.ca\/fr\/wp-json\/wp\/v2\/pages\/226"}],"wp:featuredmedia":[{"embeddable":true,"href":"https:\/\/laurentia.swlauriersb.qc.ca\/fr\/wp-json\/wp\/v2\/media\/418"}],"wp:attachment":[{"href":"https:\/\/laurentia.swlauriersb.qc.ca\/fr\/wp-json\/wp\/v2\/media?parent=225"}],"curies":[{"name":"wp","href":"https:\/\/api.w.org\/{rel}","templated":true}]}}